{"id":10264,"date":"2024-01-11T15:31:12","date_gmt":"2024-01-11T14:31:12","guid":{"rendered":"https:\/\/corsicalovers.fr\/fanny-auffret\/"},"modified":"2025-03-31T10:55:15","modified_gmt":"2025-03-31T08:55:15","slug":"fanny-auffret","status":"publish","type":"page","link":"https:\/\/corsicalovers.fr\/es\/fanny-auffret\/","title":{"rendered":"Sobre Fanny AUFFRET"},"content":{"rendered":"\n<p>Conozca a Fanny, empleada de Region Lovers, una empresa feliz que lleva m\u00e1s de 10 a\u00f1os recorriendo el mundo para ofrecerle informaci\u00f3n certificada, de calidad y \u00fatil. Queremos ayudarle a tomar las decisiones que necesita para construir un viaje a su medida.<\/p>\n\n<p>El equipo ha crecido con los a\u00f1os, pero Fanny, como todos los autores de Region Lovers, respeta un marco y unos valores, para cumplir nuestro contrato de confianza con nuestros lectores. Afortunadamente, sin embargo, cada art\u00edculo es siempre un reflejo de su autor y de sus pasiones.<\/p>\n<div class=\"wp-block-image\">\n<figure class=\"aligncenter size-large\"><img decoding=\"async\" src=\"https:\/\/photos.smugmug.com\/Region-Lovers\/Equipe\/i-b86hwDm\/0\/6733e593\/L\/fanny-L.jpg\" alt=\"\"\/><\/figure>\n<\/div>\n<h2 class=\"wp-block-heading\">Su carrera<\/h2>\n\n<ul class=\"wp-block-list\">\n<li>Formaci\u00f3n orientada a la cultura (licenciatura en historia del arte y m\u00e1ster en gesti\u00f3n del patrimonio y desarrollo tur\u00edstico).<\/li>\n\n\n\n<li>Experiencia profesional en diversas estructuras del sector cultural (Museo Rodin, Museos de Par\u00eds, etc.).  <\/li>\n\n\n\n<li>\u00a1Se uni\u00f3 a la aventura de los Region Lovers en abril de 2023!<\/li>\n<\/ul>\n\n<p class=\"has-text-align-left\">Descubra su <a href=\"https:\/\/www.linkedin.com\/in\/fanny-auffret-6377b11a7\/\" target=\"_blank\" rel=\"noreferrer noopener\">perfil en Linkedin<\/a><\/p>\n\n<h2 class=\"wp-block-heading\">Lo que m\u00e1s le gusta escribir<\/h2>\n\n<ul class=\"wp-block-list\">\n<li>Art\u00edculos dedicados a museos, castillos y catedrales para compartir con usted su pasi\u00f3n por la historia del arte.<\/li>\n\n\n\n<li>Art\u00edculos dedicados a destinos de invierno, \u00a1porque es una fan\u00e1tica de los viajes fuera de temporada!  <\/li>\n\n\n\n<li>Los art\u00edculos merecen la pena, ya que ofrecen un resumen de las ventajas de un destino: \u00a1son ideales para inspirarle y ayudarle a elegir su pr\u00f3ximo viaje!  <\/li>\n<\/ul>\n\n<h2 class=\"wp-block-heading\">Sus 3 art\u00edculos favoritos<\/h2>\n\n<div class=\"wp-block-columns is-layout-flex wp-container-core-columns-is-layout-9d6595d7 wp-block-columns-is-layout-flex\">\n<div class=\"wp-block-column is-layout-flow wp-block-column-is-layout-flow\" style=\"flex-basis:33.33%\">\n<figure class=\"wp-block-image size-large\"><a href=\"https:\/\/loirelovers.fr\/visiter-chateau-clos-luce-amboise\/\" target=\"_blank\" rel=\"noreferrer noopener\"><img decoding=\"async\" src=\"https:\/\/corsicalovers.fr\/wp-content\/uploads\/2023\/09\/mejor-restaurante-bastia-donde-comer-opinion.jpg\" alt=\"\"\/><\/a><\/figure>\n<\/div>\n\n\n\n<div class=\"wp-block-column is-vertically-aligned-center is-layout-flow wp-block-column-is-layout-flow\" style=\"flex-basis:66.66%\">\n<h3 class=\"wp-block-heading\">\u00bfD\u00f3nde comer en Bastia?<\/h3>\n\n\n\n<p style=\"font-size:14px\">1 de enero de 2024<\/p>\n\n\n\n<p style=\"font-size:14px;line-height:1.6\"><a href=\"https:\/\/corsicalovers.fr\/es\/mejores-restaurantes-bastia-donde-comer\/\" target=\"_blank\" rel=\"noreferrer noopener\">Leer el art\u00edculo<\/a><\/p>\n<\/div>\n<\/div>\n\n<div class=\"wp-block-columns is-layout-flex wp-container-core-columns-is-layout-9d6595d7 wp-block-columns-is-layout-flex\">\n<div class=\"wp-block-column is-layout-flow wp-block-column-is-layout-flow\" style=\"flex-basis:33.33%\">\n<figure class=\"wp-block-image size-large\"><a href=\"https:\/\/loirelovers.fr\/visiter-chateau-chambord\/\" target=\"_blank\" rel=\"noreferrer noopener\"><img decoding=\"async\" src=\"https:\/\/corsicalovers.fr\/wp-content\/uploads\/2023\/07\/hotel-a-casa-di-ma-lumio-opinion.jpg\" alt=\"\"\/><\/a><\/figure>\n<\/div>\n\n\n\n<div class=\"wp-block-column is-vertically-aligned-center is-layout-flow wp-block-column-is-layout-flow\" style=\"flex-basis:66.66%\">\n<h3 class=\"wp-block-heading\">Estancia en el H\u00f4tel A Casa di Ma (Lumio)<\/h3>\n\n\n\n<p style=\"font-size:14px\">3 de julio de 2023<\/p>\n\n\n\n<p style=\"font-size:14px;line-height:1.6\"><a href=\"https:\/\/corsicalovers.fr\/es\/hotel-a-casa-di-ma-lumio-balagne-opinion\/\" target=\"_blank\" rel=\"noreferrer noopener\">Leer el art\u00edculo<\/a><\/p>\n<\/div>\n<\/div>\n\n<div class=\"wp-block-columns is-layout-flex wp-container-core-columns-is-layout-9d6595d7 wp-block-columns-is-layout-flex\">\n<div class=\"wp-block-column is-layout-flow wp-block-column-is-layout-flow\" style=\"flex-basis:33.33%\">\n<figure class=\"wp-block-image size-large\"><a href=\"https:\/\/loirelovers.fr\/visiter-chateau-chenonceau\/\" target=\"_blank\" rel=\"noreferrer noopener\"><img decoding=\"async\" src=\"https:\/\/corsicalovers.fr\/wp-content\/uploads\/2023\/08\/plage-ostriconi-playa-balagne.jpg\" alt=\"\"\/><\/a><\/figure>\n<\/div>\n\n\n\n<div class=\"wp-block-column is-vertically-aligned-center is-layout-flow wp-block-column-is-layout-flow\" style=\"flex-basis:66.66%\">\n<h3 class=\"wp-block-heading\">Playa de Ostriconi (Balagne)<\/h3>\n\n\n\n<p style=\"font-size:14px\">30 de agosto de 2023<\/p>\n\n\n\n<p style=\"font-size:14px;line-height:1.6\"><a href=\"https:\/\/corsicalovers.fr\/es\/plage-ostriconi-playa-balagne\/\" target=\"_blank\" rel=\"noreferrer noopener\">Leer el art\u00edculo<\/a><\/p>\n<\/div>\n<\/div>\n","protected":false},"excerpt":{"rendered":"<p>Conozca a Fanny, empleada de Region Lovers, una empresa feliz que lleva m\u00e1s de 10 a\u00f1os recorriendo el mundo para ofrecerle informaci\u00f3n certificada, de calidad y \u00fatil. Queremos ayudarle a tomar las decisiones que necesita para construir un viaje a su medida. El equipo ha crecido con los a\u00f1os, pero Fanny, como todos los autores [&hellip;]<\/p>\n","protected":false},"author":2,"featured_media":0,"parent":0,"menu_order":0,"comment_status":"closed","ping_status":"closed","template":"","meta":{"_genesis_hide_title":false,"_genesis_hide_breadcrumbs":false,"_genesis_hide_singular_image":false,"_genesis_hide_footer_widgets":false,"_genesis_custom_body_class":"","_genesis_custom_post_class":"","_genesis_layout":"full-width-content","footnotes":""},"class_list":{"0":"post-10264","1":"page","2":"type-page","3":"status-publish","5":"entry"},"yoast_head":"<!-- This site is optimized with the Yoast SEO plugin v27.2 - https:\/\/yoast.com\/product\/yoast-seo-wordpress\/ -->\n<title>Sobre Fanny AUFFRET - Corsica Lovers<\/title>\n<meta name=\"robots\" content=\"index, follow, max-snippet:-1, max-image-preview:large, max-video-preview:-1\" \/>\n<link rel=\"canonical\" href=\"https:\/\/corsicalovers.fr\/es\/fanny-auffret\/\" \/>\n<meta property=\"og:locale\" content=\"es_ES\" \/>\n<meta property=\"og:type\" content=\"article\" \/>\n<meta property=\"og:title\" content=\"Sobre Fanny AUFFRET - Corsica Lovers\" \/>\n<meta property=\"og:description\" content=\"Conozca a Fanny, empleada de Region Lovers, una empresa feliz que lleva m\u00e1s de 10 a\u00f1os recorriendo el mundo para ofrecerle informaci\u00f3n certificada, de calidad y \u00fatil. Queremos ayudarle a tomar las decisiones que necesita para construir un viaje a su medida. El equipo ha crecido con los a\u00f1os, pero Fanny, como todos los autores [&hellip;]\" \/>\n<meta property=\"og:url\" content=\"https:\/\/corsicalovers.fr\/es\/fanny-auffret\/\" \/>\n<meta property=\"og:site_name\" content=\"Corsica Lovers\" \/>\n<meta property=\"article:modified_time\" content=\"2025-03-31T08:55:15+00:00\" \/>\n<meta property=\"og:image\" content=\"https:\/\/photos.smugmug.com\/Region-Lovers\/Equipe\/i-b86hwDm\/0\/6733e593\/L\/fanny-L.jpg\" \/>\n<meta name=\"twitter:card\" content=\"summary_large_image\" \/>\n<meta name=\"twitter:label1\" content=\"Tiempo de lectura\" \/>\n\t<meta name=\"twitter:data1\" content=\"1 minuto\" \/>\n<script type=\"application\/ld+json\" class=\"yoast-schema-graph\">{\"@context\":\"https:\/\/schema.org\",\"@graph\":[{\"@type\":\"WebPage\",\"@id\":\"https:\/\/corsicalovers.fr\/es\/fanny-auffret\/\",\"url\":\"https:\/\/corsicalovers.fr\/es\/fanny-auffret\/\",\"name\":\"Sobre Fanny AUFFRET - Corsica Lovers\",\"isPartOf\":{\"@id\":\"https:\/\/corsicalovers.fr\/es\/#website\"},\"primaryImageOfPage\":{\"@id\":\"https:\/\/corsicalovers.fr\/es\/fanny-auffret\/#primaryimage\"},\"image\":{\"@id\":\"https:\/\/corsicalovers.fr\/es\/fanny-auffret\/#primaryimage\"},\"thumbnailUrl\":\"https:\/\/photos.smugmug.com\/Region-Lovers\/Equipe\/i-b86hwDm\/0\/6733e593\/L\/fanny-L.jpg\",\"datePublished\":\"2024-01-11T14:31:12+00:00\",\"dateModified\":\"2025-03-31T08:55:15+00:00\",\"breadcrumb\":{\"@id\":\"https:\/\/corsicalovers.fr\/es\/fanny-auffret\/#breadcrumb\"},\"inLanguage\":\"es\",\"potentialAction\":[{\"@type\":\"ReadAction\",\"target\":[\"https:\/\/corsicalovers.fr\/es\/fanny-auffret\/\"]}]},{\"@type\":\"ImageObject\",\"inLanguage\":\"es\",\"@id\":\"https:\/\/corsicalovers.fr\/es\/fanny-auffret\/#primaryimage\",\"url\":\"https:\/\/photos.smugmug.com\/Region-Lovers\/Equipe\/i-b86hwDm\/0\/6733e593\/L\/fanny-L.jpg\",\"contentUrl\":\"https:\/\/photos.smugmug.com\/Region-Lovers\/Equipe\/i-b86hwDm\/0\/6733e593\/L\/fanny-L.jpg\"},{\"@type\":\"BreadcrumbList\",\"@id\":\"https:\/\/corsicalovers.fr\/es\/fanny-auffret\/#breadcrumb\",\"itemListElement\":[{\"@type\":\"ListItem\",\"position\":1,\"name\":\"Home\",\"item\":\"https:\/\/corsicalovers.fr\/es\/\"},{\"@type\":\"ListItem\",\"position\":2,\"name\":\"Sobre Fanny AUFFRET\"}]},{\"@type\":\"WebSite\",\"@id\":\"https:\/\/corsicalovers.fr\/es\/#website\",\"url\":\"https:\/\/corsicalovers.fr\/es\/\",\"name\":\"Corsica Lovers\",\"description\":\"Para despertar sus sentidos en C\u00f3rcega - El blog de Claire y Manu\",\"publisher\":{\"@id\":\"https:\/\/corsicalovers.fr\/es\/#organization\"},\"potentialAction\":[{\"@type\":\"SearchAction\",\"target\":{\"@type\":\"EntryPoint\",\"urlTemplate\":\"https:\/\/corsicalovers.fr\/es\/?s={search_term_string}\"},\"query-input\":{\"@type\":\"PropertyValueSpecification\",\"valueRequired\":true,\"valueName\":\"search_term_string\"}}],\"inLanguage\":\"es\"},{\"@type\":\"Organization\",\"@id\":\"https:\/\/corsicalovers.fr\/es\/#organization\",\"name\":\"Corsica Lovers\",\"url\":\"https:\/\/corsicalovers.fr\/es\/\",\"logo\":{\"@type\":\"ImageObject\",\"inLanguage\":\"es\",\"@id\":\"https:\/\/corsicalovers.fr\/es\/#\/schema\/logo\/image\/\",\"url\":\"https:\/\/corsicalovers.fr\/wp-content\/uploads\/2022\/11\/Blog-Corsica-Lovers-Logo-ES.png\",\"contentUrl\":\"https:\/\/corsicalovers.fr\/wp-content\/uploads\/2022\/11\/Blog-Corsica-Lovers-Logo-ES.png\",\"width\":2477,\"height\":863,\"caption\":\"Corsica Lovers\"},\"image\":{\"@id\":\"https:\/\/corsicalovers.fr\/es\/#\/schema\/logo\/image\/\"}}]}<\/script>\n<!-- \/ Yoast SEO plugin. -->","yoast_head_json":{"title":"Sobre Fanny AUFFRET - Corsica Lovers","robots":{"index":"index","follow":"follow","max-snippet":"max-snippet:-1","max-image-preview":"max-image-preview:large","max-video-preview":"max-video-preview:-1"},"canonical":"https:\/\/corsicalovers.fr\/es\/fanny-auffret\/","og_locale":"es_ES","og_type":"article","og_title":"Sobre Fanny AUFFRET - Corsica Lovers","og_description":"Conozca a Fanny, empleada de Region Lovers, una empresa feliz que lleva m\u00e1s de 10 a\u00f1os recorriendo el mundo para ofrecerle informaci\u00f3n certificada, de calidad y \u00fatil. Queremos ayudarle a tomar las decisiones que necesita para construir un viaje a su medida. El equipo ha crecido con los a\u00f1os, pero Fanny, como todos los autores [&hellip;]","og_url":"https:\/\/corsicalovers.fr\/es\/fanny-auffret\/","og_site_name":"Corsica Lovers","article_modified_time":"2025-03-31T08:55:15+00:00","og_image":[{"url":"https:\/\/photos.smugmug.com\/Region-Lovers\/Equipe\/i-b86hwDm\/0\/6733e593\/L\/fanny-L.jpg","type":"","width":"","height":""}],"twitter_card":"summary_large_image","twitter_misc":{"Tiempo de lectura":"1 minuto"},"schema":{"@context":"https:\/\/schema.org","@graph":[{"@type":"WebPage","@id":"https:\/\/corsicalovers.fr\/es\/fanny-auffret\/","url":"https:\/\/corsicalovers.fr\/es\/fanny-auffret\/","name":"Sobre Fanny AUFFRET - Corsica Lovers","isPartOf":{"@id":"https:\/\/corsicalovers.fr\/es\/#website"},"primaryImageOfPage":{"@id":"https:\/\/corsicalovers.fr\/es\/fanny-auffret\/#primaryimage"},"image":{"@id":"https:\/\/corsicalovers.fr\/es\/fanny-auffret\/#primaryimage"},"thumbnailUrl":"https:\/\/photos.smugmug.com\/Region-Lovers\/Equipe\/i-b86hwDm\/0\/6733e593\/L\/fanny-L.jpg","datePublished":"2024-01-11T14:31:12+00:00","dateModified":"2025-03-31T08:55:15+00:00","breadcrumb":{"@id":"https:\/\/corsicalovers.fr\/es\/fanny-auffret\/#breadcrumb"},"inLanguage":"es","potentialAction":[{"@type":"ReadAction","target":["https:\/\/corsicalovers.fr\/es\/fanny-auffret\/"]}]},{"@type":"ImageObject","inLanguage":"es","@id":"https:\/\/corsicalovers.fr\/es\/fanny-auffret\/#primaryimage","url":"https:\/\/photos.smugmug.com\/Region-Lovers\/Equipe\/i-b86hwDm\/0\/6733e593\/L\/fanny-L.jpg","contentUrl":"https:\/\/photos.smugmug.com\/Region-Lovers\/Equipe\/i-b86hwDm\/0\/6733e593\/L\/fanny-L.jpg"},{"@type":"BreadcrumbList","@id":"https:\/\/corsicalovers.fr\/es\/fanny-auffret\/#breadcrumb","itemListElement":[{"@type":"ListItem","position":1,"name":"Home","item":"https:\/\/corsicalovers.fr\/es\/"},{"@type":"ListItem","position":2,"name":"Sobre Fanny AUFFRET"}]},{"@type":"WebSite","@id":"https:\/\/corsicalovers.fr\/es\/#website","url":"https:\/\/corsicalovers.fr\/es\/","name":"Corsica Lovers","description":"Para despertar sus sentidos en C\u00f3rcega - El blog de Claire y Manu","publisher":{"@id":"https:\/\/corsicalovers.fr\/es\/#organization"},"potentialAction":[{"@type":"SearchAction","target":{"@type":"EntryPoint","urlTemplate":"https:\/\/corsicalovers.fr\/es\/?s={search_term_string}"},"query-input":{"@type":"PropertyValueSpecification","valueRequired":true,"valueName":"search_term_string"}}],"inLanguage":"es"},{"@type":"Organization","@id":"https:\/\/corsicalovers.fr\/es\/#organization","name":"Corsica Lovers","url":"https:\/\/corsicalovers.fr\/es\/","logo":{"@type":"ImageObject","inLanguage":"es","@id":"https:\/\/corsicalovers.fr\/es\/#\/schema\/logo\/image\/","url":"https:\/\/corsicalovers.fr\/wp-content\/uploads\/2022\/11\/Blog-Corsica-Lovers-Logo-ES.png","contentUrl":"https:\/\/corsicalovers.fr\/wp-content\/uploads\/2022\/11\/Blog-Corsica-Lovers-Logo-ES.png","width":2477,"height":863,"caption":"Corsica Lovers"},"image":{"@id":"https:\/\/corsicalovers.fr\/es\/#\/schema\/logo\/image\/"}}]}},"featured_image_src":null,"featured_image_src_square":null,"_links":{"self":[{"href":"https:\/\/corsicalovers.fr\/es\/wp-json\/wp\/v2\/pages\/10264","targetHints":{"allow":["GET"]}}],"collection":[{"href":"https:\/\/corsicalovers.fr\/es\/wp-json\/wp\/v2\/pages"}],"about":[{"href":"https:\/\/corsicalovers.fr\/es\/wp-json\/wp\/v2\/types\/page"}],"author":[{"embeddable":true,"href":"https:\/\/corsicalovers.fr\/es\/wp-json\/wp\/v2\/users\/2"}],"replies":[{"embeddable":true,"href":"https:\/\/corsicalovers.fr\/es\/wp-json\/wp\/v2\/comments?post=10264"}],"version-history":[{"count":0,"href":"https:\/\/corsicalovers.fr\/es\/wp-json\/wp\/v2\/pages\/10264\/revisions"}],"wp:attachment":[{"href":"https:\/\/corsicalovers.fr\/es\/wp-json\/wp\/v2\/media?parent=10264"}],"curies":[{"name":"wp","href":"https:\/\/api.w.org\/{rel}","templated":true}]}}