{"id":81,"date":"2022-11-11T14:33:16","date_gmt":"2022-11-11T13:33:16","guid":{"rendered":"https:\/\/corsicalovers.fr\/uber\/"},"modified":"2024-03-08T10:46:26","modified_gmt":"2024-03-08T09:46:26","slug":"uber","status":"publish","type":"page","link":"https:\/\/corsicalovers.fr\/de\/uber\/","title":{"rendered":"\u00dcber Corsica Lovers und Region Lovers"},"content":{"rendered":"\n<p>Willkommen,<\/p>\n\n<p><strong>Corsica Lovers <\/strong>ist die <strong>Region Lovers-Website<\/strong> \u00fcber Korsika, die franz\u00f6sische Insel, die so viele Tr\u00e4ume weckt.<\/p>\n\n<p>Wir sind <strong>Claire und Emmanuel Robinson<\/strong>, eine Schwester, ein Bruder, eine Polyglotte, ein Wortliebhaber, eine Reisende, ein Genie\u00dfer&#8230;<\/p>\n\n<p>Seit 2013 gibt <a href=\"https:\/\/corsicalovers.fr\/de\/emmanuel-robinson\/\" target=\"_blank\" rel=\"noreferrer noopener\">Claire<\/a><strong> Reisef\u00fchrer <\/strong>\u00fcber die ganze Welt heraus, die zu einem <strong>Standardwerk <\/strong>f\u00fcr Roadtrip-Liebhaber geworden sind. Im Jahr 2022 beschlie\u00dft <a href=\"https:\/\/corsicalovers.fr\/de\/emmanuel-robinson\/\" target=\"_blank\" rel=\"noreferrer noopener\">Emmanuel<\/a>, sich ihr anzuschlie\u00dfen und <strong>Region Lovers<\/strong> zu gr\u00fcnden.<\/p>\n\n<p>Unser Ziel? Schaffung von <strong>Reiseziel-Websites<\/strong>, die Sie durch<strong> qualitativ hochwertige Inhalte<\/strong> <strong>bei Ihrer Wahl<\/strong> unterst\u00fctzen (kein Sponsoring, tats\u00e4chlich durchgef\u00fchrte Reisen, strukturierte Artikel, Garantie &#8222;zertifizierte Realit\u00e4t&#8220;).<\/p>\n\n<figure class=\"wp-block-image size-large\"><img decoding=\"async\" src=\"https:\/\/corsicalovers.fr\/wp-content\/uploads\/2023\/03\/emmanuelclaire-1024x684.jpeg\" alt=\"\"\/><\/figure>\n\n<h2 class=\"wp-block-heading\">Zu den Urspr\u00fcngen von Region Lovers<\/h2>\n\n<p>Region Lovers entstand im <strong>August 2022<\/strong> aus der Erkenntnis, dass es f\u00fcr den Reisenden schwierig ist, die <strong>Entscheidungen<\/strong> zu treffen, die es ihm erm\u00f6glichen, eine Reise nach seinen <strong>W\u00fcnschen<\/strong> zu gestalten.<\/p>\n\n<p>Zu viele Informationen, die \u00fcber eine Vielzahl von Plattformen verteilt sind, gesponserte Inhalte, die zu sch\u00f6n sind, um wahr zu sein, v\u00f6llig egozentrische Geschichten, unleserliche oder nicht aktuelle Websites&#8230;<\/p>\n\n<p>Wir suchten nach einer <strong>neuen Art des Bloggens,<\/strong> die sowohl n\u00fctzlicher als auch ethischer ist und die Lehren aus Claires zehnj\u00e4hriger gesammelter t\u00e4glicher Praxis zieht. Wir hoffen, dass wir Ihre Erwartungen erf\u00fcllen konnten.<\/p>\n\n<figure class=\"wp-block-image\"><img decoding=\"async\" src=\"https:\/\/photos.smugmug.com\/Travel\/France\/Le-Havre\/i-Gn4VmGp\/5\/c351a225\/L\/IMG_1679-L.jpg\" alt=\"\"\/><figcaption class=\"wp-element-caption\">Der Strand von Le Havre, den wir immer wieder durchwandert haben, um Region Lovers zu schaffen<\/figcaption><\/figure>\n\n<h2 class=\"wp-block-heading\">Unsere Werte und Verpflichtungen<\/h2>\n\n<p>Sie werden verstehen, dass wir die <strong>Authentizit\u00e4t<\/strong> in den Mittelpunkt unseres Ansatzes gestellt haben. Wir stecken in Ihren Schuhen und teilen mit Ihnen, was wir <strong>wirklich<\/strong> gesehen und erlebt haben.<\/p>\n\n<p>Und um diesen <strong>Vertrauensvertrag<\/strong> zwischen Ihnen und uns so stark wie m\u00f6glich zu machen, verpflichten wir uns, <strong>10 Verpflichtungen<\/strong> einzuhalten:<\/p>\n\n<ol class=\"wp-block-list\">\n<li>Besuchen Sie alle Orte, von denen wir Ihnen berichten.<\/li>\n\n\n\n<li>\u00dcbernachten Sie in jeder Stadt in mindestens einem Hotel und besuchen Sie die von uns empfohlenen Hotels.<\/li>\n\n\n\n<li>F\u00fcr jede Stadt, essen Sie in mindestens einem Restaurant, besuchen Sie die von uns ausgew\u00e4hlten Restaurants.<\/li>\n\n\n\n<li>Alle Rechnungen vollst\u00e4ndig zu bezahlen und jegliche Partnerschaft oder Sponsoring abzulehnen.<\/li>\n\n\n\n<li>Regelm\u00e4\u00dfige Aktualisierung unserer Artikel mit Hilfe unserer Leser.<\/li>\n\n\n\n<li>Bereicherung unserer Artikel durch unsere Erfahrungen vor Ort.<\/li>\n\n\n\n<li>99% unserer eigenen Fotos verwenden<\/li>\n\n\n\n<li>Eine vern\u00fcnftige und transparente Nutzung der digitalen Tools, die wir mit unseren vor Ort \u00fcberpr\u00fcften Informationen f\u00fcllen.<\/li>\n\n\n\n<li>Informieren Sie \u00fcber den Reisenden und den Redakteur, der den Artikel verfasst hat.<\/li>\n\n\n\n<li>Sagen Sie uns, was wir tun, und tun Sie, was wir Ihnen sagen!<\/li>\n<\/ol>\n\n<figure class=\"wp-block-image\"><img decoding=\"async\" src=\"https:\/\/photos.smugmug.com\/Normandie-Lovers\/Normandie-Lovers\/i-42FF9B3\/0\/b1f6302b\/L\/facture_restaurant_normandy-L.jpg\" alt=\"Restaurantrechnung\"\/><figcaption class=\"wp-element-caption\">Der Preis f\u00fcr unsere Tonfreiheit!<\/figcaption><\/figure>\n\n<h2 class=\"wp-block-heading\">Das Region Lovers-Team: Expertise und Leidenschaft<\/h2>\n\n<p>Wir begannen mit der Normandie. Was k\u00f6nnte logischer sein, da wir dort geboren wurden und heute wieder dort leben. Als wir mit dem Ergebnis zufrieden waren, beschlossen wir, Schritt f\u00fcr Schritt zu wachsen, um Ihnen neue Reiseziele anzubieten.<\/p>\n\n<ul class=\"wp-block-list\">\n<li><a href=\"https:\/\/regionlovers.fr\" target=\"_blank\" rel=\"noreferrer noopener\">Entdecken Sie alle von Region Lovers angebotenen Reiseziele<\/a><\/li>\n<\/ul>\n\n<p>Um dies zu erreichen, wurde das Team erweitert, wobei die Anforderungen an die Qualit\u00e4t unserer Inhalte und die Einhaltung der Werte, die uns t\u00e4glich leiten, auf demselben Niveau bleiben.<\/p>\n\n<figure class=\"wp-block-image size-large\"><a href=\"https:\/\/loirelovers.fr\/fanny-auffret\/\" target=\"_blank\" rel=\"noreferrer noopener\"><img decoding=\"async\" src=\"https:\/\/photos.smugmug.com\/Region-Lovers\/Generique\/i-MR3r4Sx\/0\/4eb3a015\/L\/_GAB2628-L.jpg\" alt=\"\"\/><\/a><figcaption class=\"wp-element-caption\">Fanny, Elisa und Myriam<\/figcaption><\/figure>\n\n<ul class=\"wp-block-list\">\n<li><a href=\"https:\/\/regionlovers.fr\/equipe\/\" target=\"_blank\" rel=\"noreferrer noopener\">Entdecken Sie das gesamte Team von Region Lovers<\/a><\/li>\n<\/ul>\n\n<h3 class=\"wp-block-heading\">Region Lovers: Wie funktioniert das?<\/h3>\n\n<p>Jedes Teammitglied wird <strong>rigoros <\/strong>im Reisen und Schreiben geschult (es ist nicht so einfach, wie es aussieht!), auf der Grundlage all dessen, was wir in den letzten 10 Jahren Bloggen und auf unseren vielen Reisen um die Welt gelernt haben.<\/p>\n\n<p>Wenn wir beschlie\u00dfen, eine Website \u00fcber eine Region zu erstellen, schicken wir ein oder mehrere Teammitglieder f\u00fcr mehrere Wochen <strong>in<\/strong> die Region, um Informationen zu sammeln, Fotos zu machen und Hotels und Restaurants zu testen.<\/p>\n<div class=\"wp-block-image\">\n<figure class=\"aligncenter\"><img decoding=\"async\" src=\"https:\/\/photos.smugmug.com\/Vallee-loire\/Loire-lovers\/i-C72BN6G\/0\/5b34e182\/L\/loire-lovers-emmanuel-2-L.jpg\" alt=\"\"\/><figcaption class=\"wp-element-caption\">Gef\u00e4hrliche Fotoreportagen!<\/figcaption><\/figure>\n<\/div>\n<p>Nach ihrer R\u00fcckkehr berichten die Reisenden dem Rest des Teams \u00fcber ihre <strong>Eindr\u00fccke, Favoriten und Erkenntnisse<\/strong>, und alle zusammen verfassen die Artikel, um Ihnen qualitativ hochwertige Inhalte zu liefern.<\/p>\n\n<p>Und schlie\u00dflich kehren wir <strong>regelm\u00e4\u00dfig<\/strong> zu den dokumentierten Orten zur\u00fcck, um sicherzustellen, dass unsere Informationen immer noch korrekt sind.<\/p>\n\n<h2 class=\"wp-block-heading\">Wovon lebt Region Lovers?<\/h2>\n\n<p>Um Ihnen weiterhin ein Maximum an Informationen zu liefern, sind wir auf <strong>Sie<\/strong> angewiesen:<\/p>\n\n<ul class=\"wp-block-list\">\n<li>Indem Sie einen unserer<strong> Reisef\u00fchrer<\/strong> kaufen.<\/li>\n\n\n\n<li>Indem Sie Ihr <strong>Hotel<\/strong>, Ihren <strong>Mietwagen <\/strong>oder Ihre <strong>Aktivit\u00e4t oder Tour<\/strong> \u00fcber einen unserer Partnerlinks ausw\u00e4hlen (wir erhalten dann einen kleinen Anteil an der Provision der Plattform).<\/li>\n<\/ul>\n\n<p><a href=\"https:\/\/corsicalovers.fr\/de\/kontakt\/\" target=\"_blank\" rel=\"noreferrer noopener\">Kontaktieren Sie uns<\/a><\/p>\n","protected":false},"excerpt":{"rendered":"<p>Willkommen, Corsica Lovers ist die Region Lovers-Website \u00fcber Korsika, die franz\u00f6sische Insel, die so viele Tr\u00e4ume weckt. Wir sind Claire und Emmanuel Robinson, eine Schwester, ein Bruder, eine Polyglotte, ein Wortliebhaber, eine Reisende, ein Genie\u00dfer&#8230; Seit 2013 gibt Claire Reisef\u00fchrer \u00fcber die ganze Welt heraus, die zu einem Standardwerk f\u00fcr Roadtrip-Liebhaber geworden sind. Im Jahr [&hellip;]<\/p>\n","protected":false},"author":1,"featured_media":0,"parent":0,"menu_order":0,"comment_status":"closed","ping_status":"closed","template":"","meta":{"_genesis_hide_title":false,"_genesis_hide_breadcrumbs":false,"_genesis_hide_singular_image":false,"_genesis_hide_footer_widgets":false,"_genesis_custom_body_class":"","_genesis_custom_post_class":"","_genesis_layout":"","footnotes":""},"class_list":{"0":"post-81","1":"page","2":"type-page","3":"status-publish","5":"entry"},"yoast_head":"<!-- This site is optimized with the Yoast SEO plugin v27.2 - https:\/\/yoast.com\/product\/yoast-seo-wordpress\/ -->\n<title>\u00dcber Corsica Lovers, Claire und Manu...<\/title>\n<meta name=\"description\" content=\"Lesen Sie mehr \u00fcber Claire, Manu und den Blog Corsica Lovers, der eingerichtet wurde, um Ihnen zu helfen, Ihre Sinne in dieser sch\u00f6nen Region zu wecken.\" \/>\n<meta name=\"robots\" content=\"index, follow, max-snippet:-1, max-image-preview:large, max-video-preview:-1\" \/>\n<link rel=\"canonical\" href=\"https:\/\/corsicalovers.fr\/de\/uber\/\" \/>\n<meta property=\"og:locale\" content=\"de_DE\" \/>\n<meta property=\"og:type\" content=\"article\" \/>\n<meta property=\"og:title\" content=\"\u00dcber Corsica Lovers, Claire und Manu...\" \/>\n<meta property=\"og:description\" content=\"Lesen Sie mehr \u00fcber Claire, Manu und den Blog Corsica Lovers, der eingerichtet wurde, um Ihnen zu helfen, Ihre Sinne in dieser sch\u00f6nen Region zu wecken.\" \/>\n<meta property=\"og:url\" content=\"https:\/\/corsicalovers.fr\/de\/uber\/\" \/>\n<meta property=\"og:site_name\" content=\"Corsica Lovers\" \/>\n<meta property=\"article:modified_time\" content=\"2024-03-08T09:46:26+00:00\" \/>\n<meta property=\"og:image\" content=\"https:\/\/corsicalovers.fr\/wp-content\/uploads\/2023\/03\/emmanuelclaire-1024x684.jpeg\" \/>\n<meta name=\"twitter:card\" content=\"summary_large_image\" \/>\n<meta name=\"twitter:label1\" content=\"Gesch\u00e4tzte Lesezeit\" \/>\n\t<meta name=\"twitter:data1\" content=\"4 Minuten\" \/>\n<script type=\"application\/ld+json\" class=\"yoast-schema-graph\">{\"@context\":\"https:\/\/schema.org\",\"@graph\":[{\"@type\":\"WebPage\",\"@id\":\"https:\/\/corsicalovers.fr\/de\/uber\/\",\"url\":\"https:\/\/corsicalovers.fr\/de\/uber\/\",\"name\":\"\u00dcber Corsica Lovers, Claire und Manu...\",\"isPartOf\":{\"@id\":\"https:\/\/corsicalovers.fr\/de\/#website\"},\"primaryImageOfPage\":{\"@id\":\"https:\/\/corsicalovers.fr\/de\/uber\/#primaryimage\"},\"image\":{\"@id\":\"https:\/\/corsicalovers.fr\/de\/uber\/#primaryimage\"},\"thumbnailUrl\":\"https:\/\/corsicalovers.fr\/wp-content\/uploads\/2023\/03\/emmanuelclaire-1024x684.jpeg\",\"datePublished\":\"2022-11-11T13:33:16+00:00\",\"dateModified\":\"2024-03-08T09:46:26+00:00\",\"description\":\"Lesen Sie mehr \u00fcber Claire, Manu und den Blog Corsica Lovers, der eingerichtet wurde, um Ihnen zu helfen, Ihre Sinne in dieser sch\u00f6nen Region zu wecken.\",\"breadcrumb\":{\"@id\":\"https:\/\/corsicalovers.fr\/de\/uber\/#breadcrumb\"},\"inLanguage\":\"de-DE\",\"potentialAction\":[{\"@type\":\"ReadAction\",\"target\":[\"https:\/\/corsicalovers.fr\/de\/uber\/\"]}]},{\"@type\":\"ImageObject\",\"inLanguage\":\"de-DE\",\"@id\":\"https:\/\/corsicalovers.fr\/de\/uber\/#primaryimage\",\"url\":\"https:\/\/corsicalovers.fr\/wp-content\/uploads\/2023\/03\/emmanuelclaire-1024x684.jpeg\",\"contentUrl\":\"https:\/\/corsicalovers.fr\/wp-content\/uploads\/2023\/03\/emmanuelclaire-1024x684.jpeg\"},{\"@type\":\"BreadcrumbList\",\"@id\":\"https:\/\/corsicalovers.fr\/de\/uber\/#breadcrumb\",\"itemListElement\":[{\"@type\":\"ListItem\",\"position\":1,\"name\":\"Home\",\"item\":\"https:\/\/corsicalovers.fr\/de\/\"},{\"@type\":\"ListItem\",\"position\":2,\"name\":\"\u00dcber Corsica Lovers und Region Lovers\"}]},{\"@type\":\"WebSite\",\"@id\":\"https:\/\/corsicalovers.fr\/de\/#website\",\"url\":\"https:\/\/corsicalovers.fr\/de\/\",\"name\":\"Corsica Lovers\",\"description\":\"Um Ihre Sinne in der Korsika zu wecken - Der Blog von Claire und Manu\",\"publisher\":{\"@id\":\"https:\/\/corsicalovers.fr\/de\/#organization\"},\"potentialAction\":[{\"@type\":\"SearchAction\",\"target\":{\"@type\":\"EntryPoint\",\"urlTemplate\":\"https:\/\/corsicalovers.fr\/de\/?s={search_term_string}\"},\"query-input\":{\"@type\":\"PropertyValueSpecification\",\"valueRequired\":true,\"valueName\":\"search_term_string\"}}],\"inLanguage\":\"de-DE\"},{\"@type\":\"Organization\",\"@id\":\"https:\/\/corsicalovers.fr\/de\/#organization\",\"name\":\"Corsica Lovers\",\"url\":\"https:\/\/corsicalovers.fr\/de\/\",\"logo\":{\"@type\":\"ImageObject\",\"inLanguage\":\"de-DE\",\"@id\":\"https:\/\/corsicalovers.fr\/de\/#\/schema\/logo\/image\/\",\"url\":\"https:\/\/corsicalovers.fr\/wp-content\/uploads\/2022\/11\/Blog-Corsica-Lovers-Logo-DE.png\",\"contentUrl\":\"https:\/\/corsicalovers.fr\/wp-content\/uploads\/2022\/11\/Blog-Corsica-Lovers-Logo-DE.png\",\"width\":2477,\"height\":864,\"caption\":\"Corsica Lovers\"},\"image\":{\"@id\":\"https:\/\/corsicalovers.fr\/de\/#\/schema\/logo\/image\/\"}}]}<\/script>\n<!-- \/ Yoast SEO plugin. -->","yoast_head_json":{"title":"\u00dcber Corsica Lovers, Claire und Manu...","description":"Lesen Sie mehr \u00fcber Claire, Manu und den Blog Corsica Lovers, der eingerichtet wurde, um Ihnen zu helfen, Ihre Sinne in dieser sch\u00f6nen Region zu wecken.","robots":{"index":"index","follow":"follow","max-snippet":"max-snippet:-1","max-image-preview":"max-image-preview:large","max-video-preview":"max-video-preview:-1"},"canonical":"https:\/\/corsicalovers.fr\/de\/uber\/","og_locale":"de_DE","og_type":"article","og_title":"\u00dcber Corsica Lovers, Claire und Manu...","og_description":"Lesen Sie mehr \u00fcber Claire, Manu und den Blog Corsica Lovers, der eingerichtet wurde, um Ihnen zu helfen, Ihre Sinne in dieser sch\u00f6nen Region zu wecken.","og_url":"https:\/\/corsicalovers.fr\/de\/uber\/","og_site_name":"Corsica Lovers","article_modified_time":"2024-03-08T09:46:26+00:00","og_image":[{"url":"https:\/\/corsicalovers.fr\/wp-content\/uploads\/2023\/03\/emmanuelclaire-1024x684.jpeg","type":"","width":"","height":""}],"twitter_card":"summary_large_image","twitter_misc":{"Gesch\u00e4tzte Lesezeit":"4 Minuten"},"schema":{"@context":"https:\/\/schema.org","@graph":[{"@type":"WebPage","@id":"https:\/\/corsicalovers.fr\/de\/uber\/","url":"https:\/\/corsicalovers.fr\/de\/uber\/","name":"\u00dcber Corsica Lovers, Claire und Manu...","isPartOf":{"@id":"https:\/\/corsicalovers.fr\/de\/#website"},"primaryImageOfPage":{"@id":"https:\/\/corsicalovers.fr\/de\/uber\/#primaryimage"},"image":{"@id":"https:\/\/corsicalovers.fr\/de\/uber\/#primaryimage"},"thumbnailUrl":"https:\/\/corsicalovers.fr\/wp-content\/uploads\/2023\/03\/emmanuelclaire-1024x684.jpeg","datePublished":"2022-11-11T13:33:16+00:00","dateModified":"2024-03-08T09:46:26+00:00","description":"Lesen Sie mehr \u00fcber Claire, Manu und den Blog Corsica Lovers, der eingerichtet wurde, um Ihnen zu helfen, Ihre Sinne in dieser sch\u00f6nen Region zu wecken.","breadcrumb":{"@id":"https:\/\/corsicalovers.fr\/de\/uber\/#breadcrumb"},"inLanguage":"de-DE","potentialAction":[{"@type":"ReadAction","target":["https:\/\/corsicalovers.fr\/de\/uber\/"]}]},{"@type":"ImageObject","inLanguage":"de-DE","@id":"https:\/\/corsicalovers.fr\/de\/uber\/#primaryimage","url":"https:\/\/corsicalovers.fr\/wp-content\/uploads\/2023\/03\/emmanuelclaire-1024x684.jpeg","contentUrl":"https:\/\/corsicalovers.fr\/wp-content\/uploads\/2023\/03\/emmanuelclaire-1024x684.jpeg"},{"@type":"BreadcrumbList","@id":"https:\/\/corsicalovers.fr\/de\/uber\/#breadcrumb","itemListElement":[{"@type":"ListItem","position":1,"name":"Home","item":"https:\/\/corsicalovers.fr\/de\/"},{"@type":"ListItem","position":2,"name":"\u00dcber Corsica Lovers und Region Lovers"}]},{"@type":"WebSite","@id":"https:\/\/corsicalovers.fr\/de\/#website","url":"https:\/\/corsicalovers.fr\/de\/","name":"Corsica Lovers","description":"Um Ihre Sinne in der Korsika zu wecken - Der Blog von Claire und Manu","publisher":{"@id":"https:\/\/corsicalovers.fr\/de\/#organization"},"potentialAction":[{"@type":"SearchAction","target":{"@type":"EntryPoint","urlTemplate":"https:\/\/corsicalovers.fr\/de\/?s={search_term_string}"},"query-input":{"@type":"PropertyValueSpecification","valueRequired":true,"valueName":"search_term_string"}}],"inLanguage":"de-DE"},{"@type":"Organization","@id":"https:\/\/corsicalovers.fr\/de\/#organization","name":"Corsica Lovers","url":"https:\/\/corsicalovers.fr\/de\/","logo":{"@type":"ImageObject","inLanguage":"de-DE","@id":"https:\/\/corsicalovers.fr\/de\/#\/schema\/logo\/image\/","url":"https:\/\/corsicalovers.fr\/wp-content\/uploads\/2022\/11\/Blog-Corsica-Lovers-Logo-DE.png","contentUrl":"https:\/\/corsicalovers.fr\/wp-content\/uploads\/2022\/11\/Blog-Corsica-Lovers-Logo-DE.png","width":2477,"height":864,"caption":"Corsica Lovers"},"image":{"@id":"https:\/\/corsicalovers.fr\/de\/#\/schema\/logo\/image\/"}}]}},"featured_image_src":null,"featured_image_src_square":null,"_links":{"self":[{"href":"https:\/\/corsicalovers.fr\/de\/wp-json\/wp\/v2\/pages\/81","targetHints":{"allow":["GET"]}}],"collection":[{"href":"https:\/\/corsicalovers.fr\/de\/wp-json\/wp\/v2\/pages"}],"about":[{"href":"https:\/\/corsicalovers.fr\/de\/wp-json\/wp\/v2\/types\/page"}],"author":[{"embeddable":true,"href":"https:\/\/corsicalovers.fr\/de\/wp-json\/wp\/v2\/users\/1"}],"replies":[{"embeddable":true,"href":"https:\/\/corsicalovers.fr\/de\/wp-json\/wp\/v2\/comments?post=81"}],"version-history":[{"count":0,"href":"https:\/\/corsicalovers.fr\/de\/wp-json\/wp\/v2\/pages\/81\/revisions"}],"wp:attachment":[{"href":"https:\/\/corsicalovers.fr\/de\/wp-json\/wp\/v2\/media?parent=81"}],"curies":[{"name":"wp","href":"https:\/\/api.w.org\/{rel}","templated":true}]}}