{"id":10286,"date":"2024-01-11T15:33:06","date_gmt":"2024-01-11T14:33:06","guid":{"rendered":"https:\/\/corsicalovers.fr\/emmanuel-robinson\/"},"modified":"2025-03-31T10:55:08","modified_gmt":"2025-03-31T08:55:08","slug":"emmanuel-robinson","status":"publish","type":"page","link":"https:\/\/corsicalovers.fr\/de\/emmanuel-robinson\/","title":{"rendered":"\u00dcber Emmanuel ROBINSON"},"content":{"rendered":"\n<p>Wir stellen Ihnen Emmanuel vor, der zusammen mit seiner Schwester <a href=\"https:\/\/corsicalovers.fr\/de\/claire-robinson\/\" target=\"_blank\" rel=\"noreferrer noopener\">Claire<\/a> Mitbegr\u00fcnder von Region Lovers ist, einem fr\u00f6hlichen Unternehmen, das seit \u00fcber zehn Jahren die Welt bereist, um Ihnen &#8222;zertifiziert echte&#8220;, qualitativ hochwertige und n\u00fctzliche Informationen zu liefern. Wir m\u00f6chten Ihnen helfen, Entscheidungen zu treffen, damit Sie eine Reise zusammenstellen k\u00f6nnen, die zu Ihnen passt.<\/p>\n\n<p>Das Team w\u00e4chst im Laufe der Jahre, aber Emmanuel h\u00e4lt sich, wie alle Autoren von Region Lovers, an ein Raster und bestimmte Werte, um unseren Vertrauensvertrag mit unseren Lesern zu erf\u00fcllen.\nDennoch und gl\u00fccklicherweise ist jeder Artikel immer auch ein Spiegelbild seines Autors und seiner Leidenschaften. <\/p>\n\n<figure class=\"wp-block-image size-large\"><img decoding=\"async\" src=\"https:\/\/photos.smugmug.com\/Region-Lovers\/Equipe\/i-rHp5vtv\/0\/DxhGfR3RHZSTt9vfBxH7TBtFTC5vkk673Gmjm7MHS\/L\/manu-L.jpg\" alt=\"\"\/><\/figure>\n\n<h2 class=\"wp-block-heading\">Ihr Werdegang<\/h2>\n\n<ul class=\"wp-block-list\">\n<li>6 Jahre im franz\u00f6sischen Parlament, um die Funktionsweise des Staates und die Welt der Politik kennenzulernen.<\/li>\n\n\n\n<li>10 Jahre, in denen ich alle Gr\u00f6\u00dfen von Kommunikationsagenturen getestet habe.<\/li>\n\n\n\n<li>5 Jahre in der stillen Welt einer gro\u00dfen Versicherungsgesellschaft.<\/li>\n\n\n\n<li>Seit 2022 zu 4000% im Abenteuer Region Lovers<\/li>\n<\/ul>\n\n<p class=\"has-text-align-left\">Entdecken Sie Ihr <a href=\"https:\/\/www.linkedin.com\/in\/emmanuel-robinson-75015\/\" target=\"_blank\" rel=\"noreferrer noopener\">Linkedin-Profil<\/a><\/p>\n\n<h2 class=\"wp-block-heading\">Was er besonders gerne schreibt<\/h2>\n\n<ul class=\"wp-block-list\">\n<li>Artikel \u00fcber Restaurants, weil er ein echter Feinschmecker ist.<\/li>\n\n\n\n<li>Historische Orte (Schl\u00f6sser, Kathedralen&#8230;), \u00fcber die er gerne die eine oder andere Anekdote aufsp\u00fcrt, die seinem Artikel das gewisse Etwas verleiht und Sie an seiner Leidenschaft f\u00fcr die Geschichte teilhaben l\u00e4sst.<\/li>\n\n\n\n<li>Routen, um die Etappen geschickt zusammenzustellen und unseren Lesern einen oder mehrere sch\u00f6ne Tage zu bescheren.<\/li>\n<\/ul>\n","protected":false},"excerpt":{"rendered":"<p>Wir stellen Ihnen Emmanuel vor, der zusammen mit seiner Schwester Claire Mitbegr\u00fcnder von Region Lovers ist, einem fr\u00f6hlichen Unternehmen, das seit \u00fcber zehn Jahren die Welt bereist, um Ihnen &#8222;zertifiziert echte&#8220;, qualitativ hochwertige und n\u00fctzliche Informationen zu liefern. Wir m\u00f6chten Ihnen helfen, Entscheidungen zu treffen, damit Sie eine Reise zusammenstellen k\u00f6nnen, die zu Ihnen passt. [&hellip;]<\/p>\n","protected":false},"author":2,"featured_media":0,"parent":0,"menu_order":0,"comment_status":"closed","ping_status":"closed","template":"","meta":{"_genesis_hide_title":false,"_genesis_hide_breadcrumbs":false,"_genesis_hide_singular_image":false,"_genesis_hide_footer_widgets":false,"_genesis_custom_body_class":"","_genesis_custom_post_class":"","_genesis_layout":"full-width-content","footnotes":""},"class_list":{"0":"post-10286","1":"page","2":"type-page","3":"status-publish","5":"entry"},"yoast_head":"<!-- This site is optimized with the Yoast SEO plugin v27.2 - https:\/\/yoast.com\/product\/yoast-seo-wordpress\/ -->\n<title>\u00dcber Emmanuel ROBINSON - Corsica Lovers<\/title>\n<meta name=\"robots\" content=\"index, follow, max-snippet:-1, max-image-preview:large, max-video-preview:-1\" \/>\n<link rel=\"canonical\" href=\"https:\/\/corsicalovers.fr\/de\/emmanuel-robinson\/\" \/>\n<meta property=\"og:locale\" content=\"de_DE\" \/>\n<meta property=\"og:type\" content=\"article\" \/>\n<meta property=\"og:title\" content=\"\u00dcber Emmanuel ROBINSON - Corsica Lovers\" \/>\n<meta property=\"og:description\" content=\"Wir stellen Ihnen Emmanuel vor, der zusammen mit seiner Schwester Claire Mitbegr\u00fcnder von Region Lovers ist, einem fr\u00f6hlichen Unternehmen, das seit \u00fcber zehn Jahren die Welt bereist, um Ihnen &#8222;zertifiziert echte&#8220;, qualitativ hochwertige und n\u00fctzliche Informationen zu liefern. Wir m\u00f6chten Ihnen helfen, Entscheidungen zu treffen, damit Sie eine Reise zusammenstellen k\u00f6nnen, die zu Ihnen passt. [&hellip;]\" \/>\n<meta property=\"og:url\" content=\"https:\/\/corsicalovers.fr\/de\/emmanuel-robinson\/\" \/>\n<meta property=\"og:site_name\" content=\"Corsica Lovers\" \/>\n<meta property=\"article:modified_time\" content=\"2025-03-31T08:55:08+00:00\" \/>\n<meta property=\"og:image\" content=\"https:\/\/photos.smugmug.com\/Region-Lovers\/Equipe\/i-rHp5vtv\/0\/DxhGfR3RHZSTt9vfBxH7TBtFTC5vkk673Gmjm7MHS\/L\/manu-L.jpg\" \/>\n<meta name=\"twitter:card\" content=\"summary_large_image\" \/>\n<meta name=\"twitter:label1\" content=\"Gesch\u00e4tzte Lesezeit\" \/>\n\t<meta name=\"twitter:data1\" content=\"1 Minute\" \/>\n<script type=\"application\/ld+json\" class=\"yoast-schema-graph\">{\"@context\":\"https:\/\/schema.org\",\"@graph\":[{\"@type\":\"WebPage\",\"@id\":\"https:\/\/corsicalovers.fr\/de\/emmanuel-robinson\/\",\"url\":\"https:\/\/corsicalovers.fr\/de\/emmanuel-robinson\/\",\"name\":\"\u00dcber Emmanuel ROBINSON - Corsica Lovers\",\"isPartOf\":{\"@id\":\"https:\/\/corsicalovers.fr\/de\/#website\"},\"primaryImageOfPage\":{\"@id\":\"https:\/\/corsicalovers.fr\/de\/emmanuel-robinson\/#primaryimage\"},\"image\":{\"@id\":\"https:\/\/corsicalovers.fr\/de\/emmanuel-robinson\/#primaryimage\"},\"thumbnailUrl\":\"https:\/\/photos.smugmug.com\/Region-Lovers\/Equipe\/i-rHp5vtv\/0\/DxhGfR3RHZSTt9vfBxH7TBtFTC5vkk673Gmjm7MHS\/L\/manu-L.jpg\",\"datePublished\":\"2024-01-11T14:33:06+00:00\",\"dateModified\":\"2025-03-31T08:55:08+00:00\",\"breadcrumb\":{\"@id\":\"https:\/\/corsicalovers.fr\/de\/emmanuel-robinson\/#breadcrumb\"},\"inLanguage\":\"de-DE\",\"potentialAction\":[{\"@type\":\"ReadAction\",\"target\":[\"https:\/\/corsicalovers.fr\/de\/emmanuel-robinson\/\"]}]},{\"@type\":\"ImageObject\",\"inLanguage\":\"de-DE\",\"@id\":\"https:\/\/corsicalovers.fr\/de\/emmanuel-robinson\/#primaryimage\",\"url\":\"https:\/\/photos.smugmug.com\/Region-Lovers\/Equipe\/i-rHp5vtv\/0\/DxhGfR3RHZSTt9vfBxH7TBtFTC5vkk673Gmjm7MHS\/L\/manu-L.jpg\",\"contentUrl\":\"https:\/\/photos.smugmug.com\/Region-Lovers\/Equipe\/i-rHp5vtv\/0\/DxhGfR3RHZSTt9vfBxH7TBtFTC5vkk673Gmjm7MHS\/L\/manu-L.jpg\"},{\"@type\":\"BreadcrumbList\",\"@id\":\"https:\/\/corsicalovers.fr\/de\/emmanuel-robinson\/#breadcrumb\",\"itemListElement\":[{\"@type\":\"ListItem\",\"position\":1,\"name\":\"Home\",\"item\":\"https:\/\/corsicalovers.fr\/de\/\"},{\"@type\":\"ListItem\",\"position\":2,\"name\":\"\u00dcber Emmanuel ROBINSON\"}]},{\"@type\":\"WebSite\",\"@id\":\"https:\/\/corsicalovers.fr\/de\/#website\",\"url\":\"https:\/\/corsicalovers.fr\/de\/\",\"name\":\"Corsica Lovers\",\"description\":\"Um Ihre Sinne in der Korsika zu wecken - Der Blog von Claire und Manu\",\"publisher\":{\"@id\":\"https:\/\/corsicalovers.fr\/de\/#organization\"},\"potentialAction\":[{\"@type\":\"SearchAction\",\"target\":{\"@type\":\"EntryPoint\",\"urlTemplate\":\"https:\/\/corsicalovers.fr\/de\/?s={search_term_string}\"},\"query-input\":{\"@type\":\"PropertyValueSpecification\",\"valueRequired\":true,\"valueName\":\"search_term_string\"}}],\"inLanguage\":\"de-DE\"},{\"@type\":\"Organization\",\"@id\":\"https:\/\/corsicalovers.fr\/de\/#organization\",\"name\":\"Corsica Lovers\",\"url\":\"https:\/\/corsicalovers.fr\/de\/\",\"logo\":{\"@type\":\"ImageObject\",\"inLanguage\":\"de-DE\",\"@id\":\"https:\/\/corsicalovers.fr\/de\/#\/schema\/logo\/image\/\",\"url\":\"https:\/\/corsicalovers.fr\/wp-content\/uploads\/2022\/11\/Blog-Corsica-Lovers-Logo-DE.png\",\"contentUrl\":\"https:\/\/corsicalovers.fr\/wp-content\/uploads\/2022\/11\/Blog-Corsica-Lovers-Logo-DE.png\",\"width\":2477,\"height\":864,\"caption\":\"Corsica Lovers\"},\"image\":{\"@id\":\"https:\/\/corsicalovers.fr\/de\/#\/schema\/logo\/image\/\"}}]}<\/script>\n<!-- \/ Yoast SEO plugin. -->","yoast_head_json":{"title":"\u00dcber Emmanuel ROBINSON - Corsica Lovers","robots":{"index":"index","follow":"follow","max-snippet":"max-snippet:-1","max-image-preview":"max-image-preview:large","max-video-preview":"max-video-preview:-1"},"canonical":"https:\/\/corsicalovers.fr\/de\/emmanuel-robinson\/","og_locale":"de_DE","og_type":"article","og_title":"\u00dcber Emmanuel ROBINSON - Corsica Lovers","og_description":"Wir stellen Ihnen Emmanuel vor, der zusammen mit seiner Schwester Claire Mitbegr\u00fcnder von Region Lovers ist, einem fr\u00f6hlichen Unternehmen, das seit \u00fcber zehn Jahren die Welt bereist, um Ihnen &#8222;zertifiziert echte&#8220;, qualitativ hochwertige und n\u00fctzliche Informationen zu liefern. Wir m\u00f6chten Ihnen helfen, Entscheidungen zu treffen, damit Sie eine Reise zusammenstellen k\u00f6nnen, die zu Ihnen passt. [&hellip;]","og_url":"https:\/\/corsicalovers.fr\/de\/emmanuel-robinson\/","og_site_name":"Corsica Lovers","article_modified_time":"2025-03-31T08:55:08+00:00","og_image":[{"url":"https:\/\/photos.smugmug.com\/Region-Lovers\/Equipe\/i-rHp5vtv\/0\/DxhGfR3RHZSTt9vfBxH7TBtFTC5vkk673Gmjm7MHS\/L\/manu-L.jpg","type":"","width":"","height":""}],"twitter_card":"summary_large_image","twitter_misc":{"Gesch\u00e4tzte Lesezeit":"1 Minute"},"schema":{"@context":"https:\/\/schema.org","@graph":[{"@type":"WebPage","@id":"https:\/\/corsicalovers.fr\/de\/emmanuel-robinson\/","url":"https:\/\/corsicalovers.fr\/de\/emmanuel-robinson\/","name":"\u00dcber Emmanuel ROBINSON - Corsica Lovers","isPartOf":{"@id":"https:\/\/corsicalovers.fr\/de\/#website"},"primaryImageOfPage":{"@id":"https:\/\/corsicalovers.fr\/de\/emmanuel-robinson\/#primaryimage"},"image":{"@id":"https:\/\/corsicalovers.fr\/de\/emmanuel-robinson\/#primaryimage"},"thumbnailUrl":"https:\/\/photos.smugmug.com\/Region-Lovers\/Equipe\/i-rHp5vtv\/0\/DxhGfR3RHZSTt9vfBxH7TBtFTC5vkk673Gmjm7MHS\/L\/manu-L.jpg","datePublished":"2024-01-11T14:33:06+00:00","dateModified":"2025-03-31T08:55:08+00:00","breadcrumb":{"@id":"https:\/\/corsicalovers.fr\/de\/emmanuel-robinson\/#breadcrumb"},"inLanguage":"de-DE","potentialAction":[{"@type":"ReadAction","target":["https:\/\/corsicalovers.fr\/de\/emmanuel-robinson\/"]}]},{"@type":"ImageObject","inLanguage":"de-DE","@id":"https:\/\/corsicalovers.fr\/de\/emmanuel-robinson\/#primaryimage","url":"https:\/\/photos.smugmug.com\/Region-Lovers\/Equipe\/i-rHp5vtv\/0\/DxhGfR3RHZSTt9vfBxH7TBtFTC5vkk673Gmjm7MHS\/L\/manu-L.jpg","contentUrl":"https:\/\/photos.smugmug.com\/Region-Lovers\/Equipe\/i-rHp5vtv\/0\/DxhGfR3RHZSTt9vfBxH7TBtFTC5vkk673Gmjm7MHS\/L\/manu-L.jpg"},{"@type":"BreadcrumbList","@id":"https:\/\/corsicalovers.fr\/de\/emmanuel-robinson\/#breadcrumb","itemListElement":[{"@type":"ListItem","position":1,"name":"Home","item":"https:\/\/corsicalovers.fr\/de\/"},{"@type":"ListItem","position":2,"name":"\u00dcber Emmanuel ROBINSON"}]},{"@type":"WebSite","@id":"https:\/\/corsicalovers.fr\/de\/#website","url":"https:\/\/corsicalovers.fr\/de\/","name":"Corsica Lovers","description":"Um Ihre Sinne in der Korsika zu wecken - Der Blog von Claire und Manu","publisher":{"@id":"https:\/\/corsicalovers.fr\/de\/#organization"},"potentialAction":[{"@type":"SearchAction","target":{"@type":"EntryPoint","urlTemplate":"https:\/\/corsicalovers.fr\/de\/?s={search_term_string}"},"query-input":{"@type":"PropertyValueSpecification","valueRequired":true,"valueName":"search_term_string"}}],"inLanguage":"de-DE"},{"@type":"Organization","@id":"https:\/\/corsicalovers.fr\/de\/#organization","name":"Corsica Lovers","url":"https:\/\/corsicalovers.fr\/de\/","logo":{"@type":"ImageObject","inLanguage":"de-DE","@id":"https:\/\/corsicalovers.fr\/de\/#\/schema\/logo\/image\/","url":"https:\/\/corsicalovers.fr\/wp-content\/uploads\/2022\/11\/Blog-Corsica-Lovers-Logo-DE.png","contentUrl":"https:\/\/corsicalovers.fr\/wp-content\/uploads\/2022\/11\/Blog-Corsica-Lovers-Logo-DE.png","width":2477,"height":864,"caption":"Corsica Lovers"},"image":{"@id":"https:\/\/corsicalovers.fr\/de\/#\/schema\/logo\/image\/"}}]}},"featured_image_src":null,"featured_image_src_square":null,"_links":{"self":[{"href":"https:\/\/corsicalovers.fr\/de\/wp-json\/wp\/v2\/pages\/10286","targetHints":{"allow":["GET"]}}],"collection":[{"href":"https:\/\/corsicalovers.fr\/de\/wp-json\/wp\/v2\/pages"}],"about":[{"href":"https:\/\/corsicalovers.fr\/de\/wp-json\/wp\/v2\/types\/page"}],"author":[{"embeddable":true,"href":"https:\/\/corsicalovers.fr\/de\/wp-json\/wp\/v2\/users\/2"}],"replies":[{"embeddable":true,"href":"https:\/\/corsicalovers.fr\/de\/wp-json\/wp\/v2\/comments?post=10286"}],"version-history":[{"count":0,"href":"https:\/\/corsicalovers.fr\/de\/wp-json\/wp\/v2\/pages\/10286\/revisions"}],"wp:attachment":[{"href":"https:\/\/corsicalovers.fr\/de\/wp-json\/wp\/v2\/media?parent=10286"}],"curies":[{"name":"wp","href":"https:\/\/api.w.org\/{rel}","templated":true}]}}